{"id":1126,"date":"2023-03-30T13:03:30","date_gmt":"2023-03-30T11:03:30","guid":{"rendered":"https:\/\/multi3generation.eu\/?page_id=1126"},"modified":"2023-03-30T13:03:30","modified_gmt":"2023-03-30T11:03:30","slug":"eamt-2023","status":"publish","type":"page","link":"https:\/\/multi3generation.inesc-id.pt\/?page_id=1126","title":{"rendered":"M3G @ EAMT 2023"},"content":{"rendered":"<h2>Workshop on Multilingual, Multimodal and Multitask Language Generation\n<\/h2>\t\t\n\t\t\t<h3>CA18231- Multi3Generation<\/h3>\t\t\n\t\t\t\t<h4>\n\t\t\t\t\t\t5 May 2023\t\t\t\t\t\n\t\t\t\t<\/h4>\n\t\t\t\t\t\t\t\t\t<p>\n\t\t\t\t\t\tSubmission deadline\n\t\t\t\t\t<\/p>\n\t\t\t\t<h4>\n\t\t\t\t\t\t12 May 2023\t\t\t\t\t\n\t\t\t\t<\/h4>\n\t\t\t\t\t\t\t\t\t<p>\n\t\t\t\t\t\tAcceptance Notification Date\t\t\t\t\t<\/p>\n\t\t\t\t<h4>\n\t\t\t\t\t\t31 May 2023\t\t\t\t\t\n\t\t\t\t<\/h4>\n\t\t\t\t\t\t\t\t\t<p>\n\t\t\t\t\t\tCamera-ready copies\t\t\t\t\t<\/p>\n\t\t\t\t<h4>\n\t\t\t\t\t\t15 June 2023\t\t\t\t\t\n\t\t\t\t<\/h4>\n\t\t\t\t\t\t\t\t\t<p>\n\t\t\t\t\t\tWorkshop\t\t\t\t\t<\/p>\n\t\t\t<h4>Aim and scope<\/h4>\t\t\n\t\t<p>As progress in artificial intelligence (AI) evolves, there has been public debate as to whether machine learning (ML) and the new trends in neural network (NN) techniques accomplish the goal of transforming current computational systems into technology where communication between humans and machines is seamlessly intelligible. While the technology enthusiasts seized this unique opportunity, reasonable skeptics do not share the rise of AI with the same enthusiasm and ask difficult questions: (i) Are there any major scientific breakthroughs brought by AI? (ii) Are people (AI users and technologists) learning anything from AI as for the process of the human brain in identifying, analyzing and generating human natural language? Although the reactions from different research actors and technological fields are different and often controversial, there is no doubt that AI has contributed to the community and proved to be useful in tasks, such as machine translation, summarization, among others. Rather than discussing on the arguable contribution of AI to science, and its utility to society, this workshop is initiated in the framework of Multi3Generation COST Action \u2013 European network for Multilingual, Multimodal and Multitask Language Generation (CA18231) and would put together researchers and companies interested in different aspects of language generation from multiple perspectives, as language generation is currently one of the cornerstones of natural language processing and AI. Since the workshop is co-located within EAMT, we prioritize work on the generation of multilingual texts and (machine) translation, such as the development of high quality linguistic resources, multimodal novelties, different tasks in multiple languages, and proposals on improving the overall field of translation.<\/p>\t\t\n\t\t\t<h4>Topics<\/h4>\t\t\n\t\t<p>In the 1st edition of the Multi3Generation workshop, we aim to bring to the forefront the challenges involved in Language Generation from a multidimensional perspective. We hope that the workshop will provide a common forum to consolidate the multidisciplinary efforts and foster discussions to identify the wide-ranging issues related to the language generation task and its derived applications. To this regard, we encourage the submission of high-quality and original submissions covering the following topics:<\/p>\n<ul>\n<li>Multimodal language generation\u00a0<\/li>\n<li>Multilingual language generation\u00a0<\/li>\n<li>Multitask language generation\u00a0<\/li>\n<li>Creative language generation\u00a0<\/li>\n<li>Paraphrase generation\u00a0<\/li>\n<li>Translation of expressions, multiwords and phrasal units\u00a0<\/li>\n<li>Linguistic resources such as datasets of paraphrases\u00a0<\/li>\n<li>Association of expressions with identical or similar meaning\u00a0<\/li>\n<li>Effective ways to add value to the MT technology\u00a0<\/li>\n<li>Applications of language generation: machine translation, paraphrasing, text rewriting, cross-analysis of language varieties, summarisation, automatic feedback generation, text simplification, language teaching, etc.\u00a0<\/li>\n<li>Grounded multimodal reasoning and generation\u00a0<\/li>\n<li>Efficient machine learning algorithms, methods, and applications to language generation\u00a0<\/li>\n<li>Dialogue, interaction and conversational language generation applications\u00a0<\/li>\n<li>Large knowledge bases and graphs that can be used for language generation<\/li>\n<li>Commonsense reasoning in language generation\u00a0<\/li>\n<li>Applications of language generation in industry and society\u00a0<\/li>\n<li>ChatGPT: opportunities, challenges, and threats\u00a0<\/li>\n<li>Large language models and their generative power<\/li>\n<\/ul>\t\t\n\t\t\t<h4>Registration<\/h4>\t\t\n\t\t<p>The Multi3Generation workshop will be free of charge for Multi3Generation COST Action members. Participants from some specific countries (ITC Countries) can apply for a grant to support travel and accommodation.<\/p>\n<p><a href=\"https:\/\/www.cost.eu\/uploads\/2018\/11\/Inclusiveness-Target-Countries-Conference-Grants-userguide-V2-003-Oct-2018-1.pdf\" target=\"_blank\" rel=\"noreferrer noopener\">INCLUSIVENESS TARGET COUNTRIES (ITC) CONFERENCE GRANTS \u2013 User guide<\/a>\u00a0(.pdf)<\/p>\n<p>Additionally, Multi3Generation will provide a number of grants to partially or fully cover the travel and accommodation expenses of the participants with accepted papers.<\/p>\t\t\n\t\t\t<h5>Submissions<\/h5>\t\t\n\t\t<p>We invite two kinds of submissions:<\/p>\n<ul>\n<li><strong>Full papers<\/strong><br \/>(up to 7 pages + references): Original and high-quality unpublished contributions on the theory and practical aspects of the narrative generation task.<br \/>Full-papers should introduce existing approaches, describe the methodology and the experiments conducted in detail.\u00a0<\/li>\n<li><strong>Work in progress, project,\u00a0 demos and dissemination papers<\/strong><br \/>(up to 4 pages + references): Unpublished short papers describing work in progress; projects, demo and resource papers presenting research\/industrial prototypes, datasets or software packages; position papers introducing a new point of view, a research vision or a reasoned opinion on the workshop topics; and dissemination papers describing project ideas, ongoing research lines, case studies or summarized versions of previously published papers in high-quality conferences\/journals that are worthwhile sharing with the Multi3Generation community, but where novelty is not a fundamental issue.<\/li>\n<\/ul>\n<p>Submissions should follow the EAMT 2023 guidelines and style templates (PDF, LaTeX, Word). It will be peer-reviewed by at least two members of the program committee. Accepted papers will be published online as proceedings included in the ACL Anthology and will be presented at the conference orally or via poster. Please find the templates in the following link under the section \u201cTemplates for Papers\u201d:<a href=\"https:\/\/events.tuni.fi\/eamt23\/second-call-for-papers\/\"> https:\/\/events.tuni.fi\/eamt23\/second-call-for-papers\/<\/a><\/p>\n<p>In addition, a selection of accepted papers will be proposed to be extended to be published at ORE (indexed in Scopus and DBLP) as long as they don&#8217;t conflict with previous publication rights.<\/p>\n<p>Papers should be submitted by\u00a0<a href=\"https:\/\/easychair.org\/cfp\/Multi3Generation\" target=\"_blank\" rel=\"noreferrer noopener\">EasyChair platform<\/a>.<\/p>\t\t\n\t\t\t<h4>Keynote talk\n<\/h4>\t\t\n\t\t<p>We will have one keynote related to the topics of the workshop.<\/p>\t\t\n\t\t\t<h5>Invited Speaker<\/h5>\t\t\n\t\t\t\t\t\t\t\t\t\t\t\t\t\t\t<img decoding=\"async\" width=\"1002\" height=\"1024\" src=\"https:\/\/multi3generation.inesc-id.pt\/wp-content\/uploads\/2023\/06\/Andre-Martins-1002x1024.jpg\" alt=\"\" loading=\"lazy\" srcset=\"https:\/\/multi3generation.inesc-id.pt\/wp-content\/uploads\/2023\/06\/Andre-Martins-1002x1024.jpg 1002w, https:\/\/multi3generation.inesc-id.pt\/wp-content\/uploads\/2023\/06\/Andre-Martins-294x300.jpg 294w, https:\/\/multi3generation.inesc-id.pt\/wp-content\/uploads\/2023\/06\/Andre-Martins-768x785.jpg 768w, https:\/\/multi3generation.inesc-id.pt\/wp-content\/uploads\/2023\/06\/Andre-Martins.jpg 1456w\" sizes=\"auto, (max-width: 1002px) 100vw, 1002px\" \/>\t\t\t\t\t\t\t\t\t\t\t\t\t\t\t\n\t\t\t<h6>Speaker Bio<\/h6>\t\t\n\t\t<p><strong>Andr\u00e9 Martins<\/strong> (PhD 2012, Carnegie Mellon University and University of Lisbon) is an Associate Professor at Instituto Superior T\u00e9cnico, University of Lisbon, researcher at Instituto de Telecomunica\u00e7\u00f5es, and the VP of AI Research at Unbabel.<\/p>\n<p>His research, funded by a ERC Starting Grant (DeepSPIN) and Consolidator Grant (DECOLLAGE), among other grants, include machine translation, quality estimation, structure and interpretability in deep learning systems for NLP. His work has received best paper awards at ACL 2009 (long paper) and ACL 2019 (system demonstration paper). He co-founded and co-organizes the Lisbon Machine Learning School (LxMLS), and he is a Fellow of the ELLIS society.<\/p>\t\t\n\t\t\t<h6>Keynote<\/h6>\t\t\n\t\t<p>Towards Explainable and Reliable Multilingual NLP<\/p>\t\t\n\t\t\t<h6>Abstract<\/h6>\t\t\n\t\tNatural language processing systems are becoming increasingly accurate and powerful. However, in\u00a0order to take full advantage of these advances, new capabilities are necessary for humans to understand\u00a0model predictions and when to question or to bypass them. In this talk, I will present recent work from our\u00a0group in two directions. In the first part, I will describe a new approach for selective rationalization based\u00a0on sparse and structured transformations (sparsemax, alpha-entmax, and LP-SparseMAP), all drop-in\u00a0replacements for softmax that permit handling constraints through differentiable layers. This leads to\u00a0SPECTRA, a deterministic and structured rationalizer with favorable properties in terms of predictive\u00a0power, quality of the explanations, and model variability. Then, I will present CREST (ContRastive Edits\u00a0with Sparse raTionalization), which combines the above idea with a counterfactual text generator, leading\u00a0\u00a0to improvements in counterfactual quality, model robustness, and interpretability. We introduce a new loss\u00a0function that leverages CREST counterfactuals to regularize selective rationales using SPECTRA and\u00a0show that this regularization improves both model robustness and rationale quality, compared to methods\u00a0that do not leverage CREST counterfactuals. In the second part, I will present several methods for\u00a0detecting and correcting hallucinations in neural machine translation (NMT). We annotate a dataset of\u00a0over 3.4k sentences indicating different kinds of critical errors and hallucinations. We compare several\u00a0detection methods, both glass-box uncertainty-based detectors and model-based detectors. As hallucinations are detached from the source content, they exhibit encoder-decoder attention patterns that\u00a0are statistically different from those of good quality translations. We frame this problem with an optimal\u00a0transport formulation and propose a fully unsupervised, plug-in detector that can be used with any\u00a0attention-based NMT model. Finally, we study hallucinations in massively multilingual models by\u00a0conducting a comprehensive analysis on both the M2M family of conventional neural machine translation\u00a0models and ChatGPT \/ GPT-4. Our investigation covers a broad spectrum of conditions, spanning over\u00a0100 translation directions across various resource levels and going beyond English-centric language\u00a0pairs. We provide key insights regarding the prevalence, properties, and mitigation of hallucinations,\u00a0paving the way towards more responsible and reliable machine translation systems.<\/p>\n<p>This is joint work with Marcos Treviso, Nuno Guerreiro, Duarte Alves, Vlad Niculae, Ben Peters, Pierre\u00a0Colombo, Alexis Ross, Elena Voita, Jonas Waldendorf, Barry Haddow, Alexandra Birch, Pablo Piantanida in the scope of the DeepSPIN, MAIA, and UTTER projects.\t\t\n\t\t\t<h4>Programme<\/h4>\t\t\n\t\t\t<h5>9:00 Welcome<\/h5>\t\t\n\t\t\t<h5>9:30-10:30 Plenary talk<\/h5>\t\t\n\t\t<ul>\n<li><b>Andr\u00e9 Martins<\/b> &#8211; Instituto Superior T\u00e9cnico, Instituto de Telecomunica\u00e7\u00f5es, Unbabel, Lisbon, Portugal.<br><i>Towards Explainable and Reliable Multilingual NLP<\/i><\/li>\n<\/ul>\t\t\n\t\t\t<h5>10:30-11:00 coffee break<\/h5>\t\t\n\t\t\t<h5>11:00-12:30 \noral presentations (3 papers)<\/h5>\t\t\n\t\t<ul>\n<li><b>Anabela Barreiro<\/b> (INESC-ID Lisboa, Portugal)<br \/><i>A Multilingual Paraphrasary of Multiwords<\/i><\/li>\n<li><b>Zhuoyuan Mao<\/b>, Haiyue Song, Raj Dabre, Chenhui Chu and Sadao Kurohashi (Kyoto University, Japan)<br \/><i>Variable-length Neural Interlingua Representations for Zero-shot Neural Machine Translation<\/i><\/li>\n<li><b>Iv\u00e1n Mart\u00ednez-Murillo<\/b>, Paloma Moreda and Elena Lloret (University of Alicante, Spain)<br \/><i>Towards an Efficient Approach for Controllable Text Generation<\/i><\/li>\n<\/ul>\t\t\n\t\t\t<h5>12:30-14:00 \nlunch\n<\/h5>\t\t\n\t\t\t<h5>14:00-15:00 oral presentations (2 papers)<\/h5>\t\t\n\t\t<ul>\n<li><b>Juuso Eronen<\/b>, Michal Ptaszynski, Karol Nowakowski, Zheng Lin Chia and Fumito Masui\u00a0(Prefectural University of Kumamoto, Japan)<br \/><i>Improving Polish to English Neural Machine Translation with Transfer Learning: Effects of\u00a0Data Volume and Language Similarity<\/i><\/li>\n<li><b>Oleksii Turuta<\/b>, Daniil Maksymenko, Nataliia Saichyshyna, Olena Turuta and Maksym\u00a0Yerokhin (Kharkiv National University of Radio Electronics, Ukraine)<br \/><i>Controllability for English-Ukrainian Machine Translation Based on Specialized Corpora<\/i><\/li>\n<\/ul>\t\t\n\t\t\t<h5>15:00 &#8211; 15:30 Coffee break\n<\/h5>\t\t\n\t\t\t<h5>15:30-16:30 oral presentations (2 papers)<\/h5>\t\t\n\t\t<ul>\n<li>Sara Amato and<b> Kutz Arrieta<\/b> (USA)<br \/><i>Natural Language Generation in the Logos Model<\/i><\/li>\n<li><b>Mika H\u00e4m\u00e4l\u00e4inen<\/b> and Khalid Alnajjar (Rootroo Ltd, Finland)<br \/><i>RooAd: A Computationally Creative Online Advertisement Generator<\/i><\/li>\n<\/ul>\t\t\n\t\t\t<h5>16:30-17:00 closing remarks and end of the workshop<\/h5>\t\t\n\t\t\t<h4>Workshop organizers<\/h4>\t\t\n\t\t<ul>\n<li><strong>Anabela Barreiro<\/strong>&nbsp;(INESC-ID Lisboa, Portugal)<\/li>\n<li><strong>Max Silberztein<\/strong>&nbsp;(University of Franche-Comt\u00e9, France)<\/li>\n<li><strong>Elena Lloret<\/strong>&nbsp;(University of Alicante, Spain)<\/li>\n<\/ul>\t\t\n\t\t\t<h4>Proceedings chair<\/h4>\t\t\n\t\t<ul>\n<li><strong>Max Silberztein<\/strong>\u00a0(Universit\u00e9 de Franche-Comt\u00e9, France)<\/li>\n<\/ul>\t\t\n\t\t\t<h4>Web and dissemination chair<\/h4>\t\t\n\t\t<ul>\n<li><strong>Marcin Paprzycki<\/strong>\u00a0(Systems Research Institute Polish Academy of Sciences, Poland)<\/li>\n<\/ul>\t\t\n\t\t\t<h4>Programme Committee<\/h4>\t\t\n\t\t<ul>\n<li><strong>Mirela Alhasani<\/strong> (EPOKA University, Albania)<!-- \/wp:post-content --><!-- wp:list-item --><\/li>\n<li><strong>Isabelle Augenstein<\/strong> (University of Copenhagen, Denmark)<!-- wp:list-item \/--><\/li>\n<li><strong>Mehul Bhatt<\/strong> (\u00d6rebro University, Sweden)<!-- wp:list-item \/--><\/li>\n<li><strong>Anabela Barreiro<\/strong> (INESC-ID Lisboa, Portugal)<\/li>\n<li><!-- \/wp:list-item --><strong>Iacer Calixto<\/strong> (Universiteit van Amsterdam, Netherlands)<\/li>\n<li><!-- wp:list-item --><strong>Jos\u00e9 Camargo<\/strong> (Unbabel, Portugal)<\/li>\n<li><!-- \/wp:list-item --><strong>Liviu Dinu<\/strong> (University of Bucharest, Romania)<\/li>\n<li><!-- wp:list-item --><strong>Aykut Erdem<\/strong> (Ko\u00e7 University, Turkey)<\/li>\n<li><!-- \/wp:list-item --><strong>Maria Ganzha<\/strong> (Warsaw University of Technology, Poland)<\/li>\n<li><strong>Albert Gatt<\/strong>\u00a0(Universiteit Utrecht, Netherlands)<\/li>\n<\/ul>\n<p><!-- \/wp:paragraph --><\/p><ul>\n<li><strong>Fabio Kepler<\/strong> (Unbabel, Portugal)<\/li>\n<li><!-- wp:list-item --><strong>Elena Lloret<\/strong> (University of Alicante, Spain)<\/li>\n<li><!-- \/wp:list-item --><strong>Helena Moniz<\/strong> (University of Lisboa and INESC-ID Lisboa, Portugal)<\/li>\n<li><!-- wp:list-item --><strong>Marcin Paprzycki<\/strong> (Systems Research Institute Polish Academy of Sciences, Poland)<\/li>\n<li><!-- \/wp:list-item --><strong>Max Silberztein<\/strong> (University of Franche-Comt\u00e9, France)<\/li>\n<li><!-- wp:list-item --><strong>Inguna Skadina<\/strong> (University of Latvia, Latvia)<\/li>\n<li><!-- \/wp:list-item --><strong>Irene Russo<\/strong> (ILC CNR, Italy)<\/li>\n<li><!-- wp:list-item --><strong>Oleksii Turuta<\/strong> (Kharkiv National University of Radio Electronics &#8211; NURE, Ukraine)<\/li>\n<\/ul>\n<p><!-- \/wp:paragraph --><\/p>\t\t\n\t\t\t<h3>Proceedings<\/h3>\t\t\n\t\t<p>Proceedings of the 1st International Workshop on Multilingual, Multimodal and Multitask Language Generation (Multi3Generation)<\/p>\t\t\n\t\t\t<a href=\"https:\/\/multi3generation.inesc-id.pt\/wp-content\/uploads\/2023\/07\/easy2acl_master_Multi3GenerationProceedings.pdf\" title=\"Proceedings of the 1st International Workshop on Multilingual Multimodal and Multitask Language Generation (Multi3Generation)\" role=\"button\">\n\t\t\t\t\t\tDownload\n\t\t\t\t\t<\/a>\n\t\t\t<h3>Presentations of the papers<\/h3>\t\t\n\t\t<p><strong>A Multilingual Paraphrasary of Multiwords<\/strong><br \/><i>Anabela Barreiro, Cristina Mota<\/i><\/p>\t\t\n\t\t\t<a href=\"https:\/\/multi3generation.inesc-id.pt\/wp-content\/uploads\/2023\/07\/M3G_EAMT_2023_presentation_Barreiro.pdf\" title=\"Proceedings of the 1st International Workshop on Multilingual Multimodal and Multitask Language Generation (Multi3Generation)\" role=\"button\">\n\t\t\t\t\t\tDownload\n\t\t\t\t\t<\/a>\n\t\t<p><strong>Controllability for&nbsp;English-Ukrainian Machine&nbsp;Translation Based on Specialized&nbsp;<\/strong><strong>Corpora<\/strong><br><i>Daniil Maksymenko<\/i><\/p>\t\t\n\t\t\t<a href=\"https:\/\/multi3generation.inesc-id.pt\/wp-content\/uploads\/2023\/07\/Controllability-for-English-Ukrainian-Machine-Translation-Based-on-Specialized-Corpora.pdf\" title=\"Proceedings of the 1st International Workshop on Multilingual Multimodal and Multitask Language Generation (Multi3Generation)\" role=\"button\">\n\t\t\t\t\t\tDownload\n\t\t\t\t\t<\/a>\n\t\t<p><strong>Improving Polish to English Neural Machine Translation with Transfer Learning: Effects of Data Volume and Language Similarity<\/strong><br \/><em>Juuso Eronen, Michal Ptaszynski, Karol Nowakowski, Cheng Lin Chia, Fumito Masui<\/em><\/p>\t\t\n\t\t\t<a href=\"https:\/\/multi3generation.inesc-id.pt\/wp-content\/uploads\/2023\/07\/multi3generation_juuso_eronen.pdf\" title=\"Proceedings of the 1st International Workshop on Multilingual Multimodal and Multitask Language Generation (Multi3Generation)\" role=\"button\">\n\t\t\t\t\t\tDownload\n\t\t\t\t\t<\/a>\n\t\t<p><strong>Natural Language Generation in the Logos Model<\/strong><br \/><em>Sara Amato, Kutz Arrieta<\/em><\/p>\t\t\n\t\t\t<a href=\"https:\/\/multi3generation.inesc-id.pt\/wp-content\/uploads\/2023\/07\/NLG@Logos-Model-Amato-Arrieta.pdf\" title=\"Proceedings of the 1st International Workshop on Multilingual Multimodal and Multitask Language Generation (Multi3Generation)\" role=\"button\">\n\t\t\t\t\t\tDownload\n\t\t\t\t\t<\/a>\n\t\t<p><strong>Towards an Efficient Approach for Controllable Text Generation<\/strong><br \/><em>Iv\u00e1n Martinez Murillo<\/em><\/p>\t\t\n\t\t\t<a href=\"https:\/\/multi3generation.inesc-id.pt\/wp-content\/uploads\/2023\/07\/WIP-Ivan_Martinez.pdf\" title=\"Proceedings of the 1st International Workshop on Multilingual Multimodal and Multitask Language Generation (Multi3Generation)\" role=\"button\">\n\t\t\t\t\t\tDownload\n\t\t\t\t\t<\/a>\n\t\t<p><strong>Variable-length Neural Interlingua Representations <\/strong><strong>for Zero-shot Neural Machine Translation<\/strong><br \/><em>Zhuoyuan Mao, Haiyue Song, Raj Dabre, Chenhui Chu, Sadao Kurohashi<\/em><\/p>\t\t\n\t\t\t<a href=\"https:\/\/multi3generation.inesc-id.pt\/wp-content\/uploads\/2023\/07\/Maoetal.pdf\" title=\"Proceedings of the 1st International Workshop on Multilingual Multimodal and Multitask Language Generation (Multi3Generation)\" role=\"button\">\n\t\t\t\t\t\tDownload\n\t\t\t\t\t<\/a>\n\t\t\t<h3>Contact<\/h3>\t\t\n\t\t<p>For general inquiries regarding the workshop, reach the organizers at:\u00a0<a href=\"mailto:multi3generation@gmail.com\" target=\"_blank\" rel=\"noreferrer noopener\">multi3generation@gmail.com<\/a><\/p>","protected":false},"excerpt":{"rendered":"<p>Workshop on Multilingual, Multimodal and Multitask Language Generation CA18231- Multi3Generation 5 May 2023 Submission deadline 12 May 2023 Acceptance Notification Date 31 May 2023 Camera-ready &hellip;<\/p>\n","protected":false},"author":1,"featured_media":581,"parent":1187,"menu_order":0,"comment_status":"closed","ping_status":"closed","template":"","meta":{"footnotes":""},"class_list":["post-1126","page","type-page","status-publish","has-post-thumbnail","hentry"],"_links":{"self":[{"href":"https:\/\/multi3generation.inesc-id.pt\/index.php?rest_route=\/wp\/v2\/pages\/1126","targetHints":{"allow":["GET"]}}],"collection":[{"href":"https:\/\/multi3generation.inesc-id.pt\/index.php?rest_route=\/wp\/v2\/pages"}],"about":[{"href":"https:\/\/multi3generation.inesc-id.pt\/index.php?rest_route=\/wp\/v2\/types\/page"}],"author":[{"embeddable":true,"href":"https:\/\/multi3generation.inesc-id.pt\/index.php?rest_route=\/wp\/v2\/users\/1"}],"replies":[{"embeddable":true,"href":"https:\/\/multi3generation.inesc-id.pt\/index.php?rest_route=%2Fwp%2Fv2%2Fcomments&post=1126"}],"version-history":[{"count":0,"href":"https:\/\/multi3generation.inesc-id.pt\/index.php?rest_route=\/wp\/v2\/pages\/1126\/revisions"}],"up":[{"embeddable":true,"href":"https:\/\/multi3generation.inesc-id.pt\/index.php?rest_route=\/wp\/v2\/pages\/1187"}],"wp:featuredmedia":[{"embeddable":true,"href":"https:\/\/multi3generation.inesc-id.pt\/index.php?rest_route=\/wp\/v2\/media\/581"}],"wp:attachment":[{"href":"https:\/\/multi3generation.inesc-id.pt\/index.php?rest_route=%2Fwp%2Fv2%2Fmedia&parent=1126"}],"curies":[{"name":"wp","href":"https:\/\/api.w.org\/{rel}","templated":true}]}}