{"id":281,"date":"2020-01-20T20:13:45","date_gmt":"2020-01-20T19:13:45","guid":{"rendered":"https:\/\/multi3generation.eu\/?page_id=281"},"modified":"2020-01-20T20:13:45","modified_gmt":"2020-01-20T19:13:45","slug":"list-of-members","status":"publish","type":"page","link":"https:\/\/multi3generation.inesc-id.pt\/?page_id=281","title":{"rendered":"List of Members"},"content":{"rendered":"\n<h2 class=\"wp-block-heading\">Core group members<\/h2>\n\n\n\n<figure class=\"wp-block-table\"><table><tbody><tr><td>PT <\/td><td>Anabela<\/td><td>Barreiro<\/td><td>Action Chair<\/td><td>University of Lisbon<\/td><\/tr><tr><td>ES<\/td><td>Elena<\/td><td>Lloret<\/td><td>Action Vice Chair<\/td><td>Universidad de Alicante<\/td><\/tr><tr><td>SE<\/td><td>Mehul<\/td><td>Bhatt<\/td><td>WG 1 &#8211; Grounded multi-modal reasoning and generation<\/td><td>\u00d6rebro University<\/td><\/tr><tr><td>TR<\/td><td>Aykut<\/td><td>Erdem<\/td><td>WG 2 &#8211; Efficient Machine Learning algorithms, methods, and applications to language generation<\/td><td>Hacettepe University<\/td><\/tr><tr><td>PT<\/td><td>Helena<\/td><td>Moniz<\/td><td>WG 3 &#8211; Dialogue, interaction and conversational language generation applications<\/td><td>University of Lisbon<\/td><\/tr><tr><td>IT <\/td><td>Irene<\/td><td>Russo<\/td><td>WG 4 &#8211; Exploiting large knowledge bases and graphs<\/td><td>ILC CNR<\/td><\/tr><tr><td>PT<\/td><td>Fabio<\/td><td>Kepler <\/td><td>WG 5 &#8211; Industry and End-User Liaison<\/td><td>Unbabel<\/td><\/tr><tr><td>PT<\/td><td>Anabela<\/td><td>Barreiro<\/td><td>Grant Holder Scientific Representative<\/td><td>University of Lisbon<\/td><\/tr><tr><td>PL<\/td><td>Marcin<\/td><td>Paprzycki<\/td><td>Science Communication Manager<\/td><td>Polish Academy of Sciences<\/td><\/tr><tr><td>NL <\/td><td>Iacer<\/td><td>Calixto<\/td><td>STSM Coordinator<\/td><td>University of Amsterdam<\/td><\/tr><tr><td>FR <\/td><td>Fran\u00e7ois<\/td><td>Portet<\/td><td>ITC Conference Manager<\/td><td>University of Grenoble<\/td><\/tr><\/tbody><\/table><\/figure>\n\n\n\n<h2 class=\"wp-block-heading\">Management Committee members<\/h2>\n\n\n\n<figure class=\"wp-block-table\"><table><tbody><tr><td>DK<\/td><td>Isabelle<\/td><td>Augenstein<\/td><td>University of Copenhagen<\/td><\/tr><tr><td>ES<\/td><td>Elena<\/td><td>Lloret<\/td><td>Universidad de Alicante<\/td><\/tr><tr><td>DE<\/td><td>Anette<\/td><td>Frank<\/td><td>Heidelberg University<\/td><\/tr><tr><td>DE<\/td><td>Jakob<\/td><td>Suchan<\/td><td>University of Bremen<\/td><\/tr><tr><td>DK<\/td><td>Barbara<\/td><td>Plank<\/td><td>IT University of Copenhagen<\/td><\/tr><tr><td>ES<\/td><td>Sergio<\/td><td>Escalera<\/td><td>University of Barcelona<\/td><\/tr><tr><td>ES<\/td><td>Elena<\/td><td>Lloret<\/td><td>Universidad de Alicante<\/td><\/tr><tr><td>EE<\/td><td>Gholamreza<\/td><td>Anbarjafari<\/td><td>University of Tartu<\/td><\/tr><tr><td>AL<\/td><td>Mirela<\/td><td>Alhasani<\/td><td>EPOKA UNIVERSITY<\/td><\/tr><tr><td>AL<\/td><td>Enriketa<\/td><td>Sogutlu<\/td><td>University College Bed\u00ebr<\/td><\/tr><tr><td>FR<\/td><td>Matthias<\/td><td>Gall\u00e9<\/td><td>Naver<\/td><\/tr><tr><td>FR<\/td><td>Fran\u00e7ois<\/td><td>Portet<\/td><td>Universite Grenoble Alpes<\/td><\/tr><tr><td>UK<\/td><td>Dimitra<\/td><td>Gkatzia<\/td><td>Edinburgh Napier University<\/td><\/tr><tr><td>UK<\/td><td>Lucia<\/td><td>Specia<\/td><td>Imperial College London<\/td><\/tr><tr><td>EL<\/td><td>Michail<\/td><td>Salampasis<\/td><td>International Hellenic University<\/td><\/tr><tr><td>EL<\/td><td>Konstantinos<\/td><td>Diamantaras<\/td><td>International Hellenic University<\/td><\/tr><tr><td>HR<\/td><td>Sanda<\/td><td>Martincic Ipsic<\/td><td>University of Rijeka<\/td><\/tr><tr><td>HR<\/td><td>Goran<\/td><td>Martinovic<\/td><td>J.J. Strossmayer University of Osijek<\/td><\/tr><tr><td>IT<\/td><td>Gianfranco<\/td><td>Modoni<\/td><td>CNR<\/td><\/tr><tr><td>IT<\/td><td>Irene<\/td><td>Russo<\/td><td>ILC CNR<\/td><\/tr><tr><td>IL<\/td><td>Jacob<\/td><td>Goldberger<\/td><td>Bar-Ilan University<\/td><\/tr><tr><td>IL<\/td><td>Rina<\/td><td>Zviel-Girshin<\/td><td>Ruppin Academic Center<\/td><\/tr><tr><td>IE<\/td><td>John<\/td><td>Glover<\/td><td>Aylien<\/td><\/tr><tr><td>IE<\/td><td>Brian<\/td><td>Davis<\/td><td>ADAPT<\/td><\/tr><tr><td>LU<\/td><td>Vladimir<\/td><td>Despotovic<\/td><td>University of Luxembourg<\/td><\/tr><tr><td>LT<\/td><td>Viktorija<\/td><td>Mazeikiene<\/td><td>Mykolas Romeris University<\/td><\/tr><tr><td>LT<\/td><td>Gra\u017eina<\/td><td>Korvel<\/td><td>Vilnius University<\/td><\/tr><tr><td>LV<\/td><td>Inguna<\/td><td>Skadina<\/td><td>University of Latvia<\/td><\/tr><tr><td>MT<\/td><td>Albert<\/td><td>Gatt<\/td><td>University of Malta<\/td><\/tr><tr><td>MT<\/td><td>Adrian<\/td><td>Muscat<\/td><td>University of Malta<\/td><\/tr><tr><td>NO<\/td><td>Pierre<\/td><td>Lison<\/td><td>Norsk Regnesentral<\/td><\/tr><tr><td>NL<\/td><td>Iacer<\/td><td>Calixto<\/td><td>Universiteit van Amsterdam<\/td><\/tr><tr><td>PT<\/td><td>Andre Filipe<\/td><td>Torres Martins<\/td><td>Instituto de Telecomunicacoes<\/td><\/tr><tr><td>PT<\/td><td>Anabela<\/td><td>Barreiro<\/td><td>INESC-ID<\/td><\/tr><tr><td>PL<\/td><td>Marcin<\/td><td>Paprzycki<\/td><td>Systems Research Institute Polish Academy of Sciences<\/td><\/tr><tr><td>PL<\/td><td>Maria<\/td><td>Ganzha<\/td><td>Warsaw University of Technology<\/td><\/tr><tr><td>RO<\/td><td>Costin-Gabriel<\/td><td>Chiru<\/td><td>Universitatea Politehnica Bucuresti<\/td><\/tr><tr><td>RO<\/td><td>Liviu<\/td><td>Dinu<\/td><td>University of Bucharest<\/td><\/tr><tr><td>SE<\/td><td>Christian<\/td><td>Hardmeier<\/td><td>Uppsala University<\/td><\/tr><tr><td>SE<\/td><td>Mehul<\/td><td>Bhatt<\/td><td>\u00d6rebro University<\/td><\/tr><tr><td>SI<\/td><td>Matej<\/td><td>Rojc<\/td><td>University of Maribor<\/td><\/tr><tr><td>SI<\/td><td>Marko<\/td><td>Grobelnik<\/td><td>Jozef Stefan Institute<\/td><\/tr><tr><td>TR<\/td><td>Mehmet Erkut<\/td><td>Erdem<\/td><td>Hacettepe University<\/td><\/tr><tr><td>TR<\/td><td>Nazli<\/td><td>Ikizler-Cinbis<\/td><td>Hacettepe University<\/td><\/tr><tr><td>BE<\/td><td>Marie-Francine<\/td><td>Moens<\/td><td>KU Leuven<\/td><\/tr><tr><td>BE<\/td><td>St\u00e9phane<\/td><td>Dupont<\/td><td>University of Mons<\/td><\/tr><tr><td>BA<\/td><td>Sanja<\/td><td>Berberovic<\/td><td>University of Tuzla<\/td><\/tr><tr><td>BA<\/td><td>Nihada<\/td><td>Delibegovic Dzanic<\/td><td>University of Tuzla<\/td><\/tr><tr><td>CH<\/td><td>Sarah<\/td><td>Ebling<\/td><td>&nbsp;University of Zurich<\/td><\/tr><tr><td>RS<\/td><td>Branislava<\/td><td>\u0160andrih<\/td><td>University of Belgrade, Faculty of Philology<\/td><\/tr><\/tbody><\/table><\/figure>\n\n\n\n<h2 class=\"wp-block-heading\">Management Committee Substitute Members<\/h2>\n\n\n\n<figure class=\"wp-block-table\"><table><tbody><tr><td>DE<\/td><td>Letitia Elena<\/td><td>Parcalabescu<\/td><td>University of Heidelberg<\/td><\/tr><tr><td>ES<\/td><td>Alfonso<\/td><td>Ure\u00f1a-L\u00f3pez<\/td><td>Universidad de Ja\u00e9n<\/td><\/tr><tr><td>ES<\/td><td>Alberto<\/td><td>Bugar\u00edn<\/td><td>Centro Singular de Investigaci\u00f3n en Tecnolox\u00edas Intelixentes (CiTIUS)<\/td><\/tr><tr><td>ES<\/td><td>M. Dolores<\/td><td>Jim\u00e9nez-L\u00f3pez<\/td><td>Universitat Rovira i Virgili<\/td><\/tr><tr><td>AL<\/td><td>Albana<\/td><td>Cekrezi<\/td><td>Beder University<\/td><\/tr><tr><td>HR<\/td><td>Ana<\/td><td>Mestrovic<\/td><td>University of Rijeka<\/td><\/tr><tr><td>HR<\/td><td>Marina<\/td><td>Bagi\u0107 Babac<\/td><td>Faculty of Electrical Engineering University of Zagreb<\/td><\/tr><tr><td>IL<\/td><td>Boaz<\/td><td>Ben-David<\/td><td>Interdisciplinary Center (IDC) Herzliya<\/td><\/tr><tr><td>LT<\/td><td>Vilhelmina<\/td><td>Vai\u010di\u016bnien\u0117<\/td><td>Mykolas Romeris University<\/td><\/tr><tr><td>LT<\/td><td>Gediminas<\/td><td>Navickas<\/td><td>Vilnius University<\/td><\/tr><tr><td>PT<\/td><td>Fabio<\/td><td>Kepler<\/td><td>Unbabel<\/td><\/tr><tr><td>PL<\/td><td>Katarzyna<\/td><td>Wasielewska-Michniewska<\/td><td>Systems Research Institute, Polish Academy of Sciences<\/td><\/tr><tr><td>PL<\/td><td>Sebastian<\/td><td>Kwa\u015bniewski<\/td><td>WSB University<\/td><\/tr><tr><td>RO<\/td><td>Ciprian-Octavian<\/td><td>Truica<\/td><td>University Politehnica Bucharest<\/td><\/tr><tr><td>RO<\/td><td>Elena<\/td><td>APOSTOL<\/td><td>University Politehnica Bucharest<\/td><\/tr><tr><td>RO<\/td><td>Traian<\/td><td>REBEDEA<\/td><td>University Politehnica of Bucharest<\/td><\/tr><tr><td>SI<\/td><td>Simon<\/td><td>Krek<\/td><td>Jo\u017eef Stefan Institute<\/td><\/tr><tr><td>SI<\/td><td>Andrej<\/td><td>Zgank<\/td><td>University of Maribor, Faculty of EE &amp; CS<\/td><\/tr><tr><td>TR<\/td><td>Aykut<\/td><td>Erdem<\/td><td>Hacettepe University<\/td><\/tr><tr><td>BA<\/td><td>Sanel<\/td><td>Hadziahmetovic Jurida<\/td><td>University of Tuzla<\/td><\/tr><tr><td>BA<\/td><td>Adisa<\/td><td>Imamovic<\/td><td>Univerzitet u Tuzli<\/td><\/tr><tr><td>CH<\/td><td>Martin<\/td><td>Volk<\/td><td>University of Zurich<\/td><\/tr><\/tbody><\/table><\/figure>\n\n\n\n<h2 class=\"wp-block-heading\">Management Committee Observers<\/h2>\n\n\n\n<figure class=\"wp-block-table\"><table><tbody><tr><td>KR<\/td><td>Matthias<\/td><td>Gall\u00e9<\/td><td>COST International Partner Country<\/td><td>Naver Labs Inc.&nbsp;<\/td><\/tr><tr><td>KV<\/td><td>Sejdi<\/td><td>Sejdiu<\/td><td>COST Near Neighbour Country<\/td><td>University &#8220;Ukshin Hoti&#8221; Prizren<\/td><\/tr><tr><td>UA<\/td><td>Oleksii<\/td><td>Turuta<\/td><td>COST Near Neighbour Country<\/td><td>Kharkiv National University of Radio Electronics<\/td><\/tr><tr><td>UA<\/td><td>Andrii<\/td><td>Babii<\/td><td>COST Near Neighbour Country<\/td><td>Kharkiv National University of Radio Electronics<\/td><\/tr><tr><td>BY<\/td><td>Boris<\/td><td>Assanovich<\/td><td>COST Near Neighbour Country<\/td><td>YK Sate University of Grodno<\/td><\/tr><\/tbody><\/table><\/figure>\n","protected":false},"excerpt":{"rendered":"<p>Core group members PT Anabela Barreiro Action Chair University of Lisbon ES Elena Lloret Action Vice Chair Universidad de Alicante SE Mehul Bhatt WG 1 &hellip;<\/p>\n","protected":false},"author":1,"featured_media":0,"parent":0,"menu_order":0,"comment_status":"closed","ping_status":"closed","template":"","meta":{"footnotes":""},"class_list":["post-281","page","type-page","status-publish","hentry"],"_links":{"self":[{"href":"https:\/\/multi3generation.inesc-id.pt\/index.php?rest_route=\/wp\/v2\/pages\/281","targetHints":{"allow":["GET"]}}],"collection":[{"href":"https:\/\/multi3generation.inesc-id.pt\/index.php?rest_route=\/wp\/v2\/pages"}],"about":[{"href":"https:\/\/multi3generation.inesc-id.pt\/index.php?rest_route=\/wp\/v2\/types\/page"}],"author":[{"embeddable":true,"href":"https:\/\/multi3generation.inesc-id.pt\/index.php?rest_route=\/wp\/v2\/users\/1"}],"replies":[{"embeddable":true,"href":"https:\/\/multi3generation.inesc-id.pt\/index.php?rest_route=%2Fwp%2Fv2%2Fcomments&post=281"}],"version-history":[{"count":0,"href":"https:\/\/multi3generation.inesc-id.pt\/index.php?rest_route=\/wp\/v2\/pages\/281\/revisions"}],"wp:attachment":[{"href":"https:\/\/multi3generation.inesc-id.pt\/index.php?rest_route=%2Fwp%2Fv2%2Fmedia&parent=281"}],"curies":[{"name":"wp","href":"https:\/\/api.w.org\/{rel}","templated":true}]}}