{"id":291,"date":"2020-01-20T20:16:46","date_gmt":"2020-01-20T19:16:46","guid":{"rendered":"https:\/\/multi3generation.eu\/?page_id=291"},"modified":"2020-01-20T20:16:46","modified_gmt":"2020-01-20T19:16:46","slug":"publications","status":"publish","type":"page","link":"https:\/\/multi3generation.inesc-id.pt\/?page_id=291","title":{"rendered":"Publications"},"content":{"rendered":"<p><em>The publications listed are based upon work from COST Action CA18231, supported by COST (European Cooperation in Science and Technology).<br \/>COST is a funding agency for research and innovation networks.<\/em><\/p>\t\t\n\t\t\t<figure><a href=\"https:\/\/open-research-europe.ec.europa.eu\/collections\/natural-language-generation\/about\" tabindex=\"-1\"><img decoding=\"async\" width=\"150\" height=\"150\" src=\"https:\/\/multi3generation.inesc-id.pt\/wp-content\/uploads\/2020\/01\/cropped-Multi3Generation-logo-square-512px-1-150x150.png\" alt=\"\" loading=\"lazy\" \/><\/a><\/figure><h6><a href=\"https:\/\/open-research-europe.ec.europa.eu\/collections\/natural-language-generation\/about\">Open Research Europe collection: <b>Advances in Natural Language Generation<\/b><\/a><\/h6><p>This collection is accepting article submissions related to natural language generation.<\/p>\t\t\n\t\t<ul>\n<li>Parcalabescu, Letitia, Michele Cafagna, Lilitta Muradjan, Anette Frank, Iacer Calixto, and Albert Gatt. <strong>VALSE: A Task-Independent Benchmark for Vision and Language Models Centered on Linguistic Phenomena<\/strong>. In Proceedings of the 60th Annual Meeting of the Association for Computational Linguistics (Volume 1: Long Papers), pp. 8253-8280. 2022.\u00a0<a style=\"text-align: inherit;\" href=\"https:\/\/aclanthology.org\/2022.acl-long.567\" target=\"_blank\" rel=\"noopener\">https:\/\/aclanthology.org\/2022.acl-long.567<\/a><\/li>\n<\/ul>\n<p><!-- \/wp:post-content --><\/p>\n<p><!-- wp:list-item --><\/p>\n<ul>\n<li>Yongxin Zhou, Fran\u00e7ois Portet, Fabien Ringeval. <strong>Effectiveness of French Language Models on Abstractive Dialogue Summarization Task<\/strong>. LREC 2022, Jun 2022, Marseille, France. hal-03727214<\/li>\n<\/ul>\n<p><!-- \/wp:list-item --><\/p>\n<p><!-- wp:list-item --><\/p>\n<ul>\n<li>Yongxin Zhou, Fabien Ringeval, and Fran\u00e7ois Portet. 2023. <strong>A Survey of Evaluation Methods of Generated Medical Textual Reports<\/strong>. In Proceedings of the 5th Clinical Natural Language Processing Workshop, pages 447\u2013459, Toronto, Canada. Association for Computational Linguistics.<\/li>\n<\/ul>\n<p><!-- \/wp:list-item --><\/p>\n<p><!-- wp:list-item --><\/p>\n<ul>\n<li>Max Silberztein, Cristina Mota, Anabela Barreiro.\u00a0<strong>Developing Neutral Linguistic Resources for the Implementation of an Automatic Transformational Analyzer.\u00a0<\/strong>Submitted to Open Research Europe, as a contribution to the Multi3Generation collection \u201cAdvances in Natural Language Generation\u201d available at: <a style=\"text-align: inherit;\" href=\"https:\/\/open-research-europe.ec.europa.eu\/collections\/natural-language-generation\/about\">https:\/\/open-research-europe.ec.europa.eu\/collections\/natural-language-generation\/about<\/a>.<\/li>\n<\/ul>\n<p><!-- \/wp:list-item --><\/p>\n<p><!-- wp:list-item --><\/p>\n<ul>\n<li>Anabela Barreiro, Ida Rebelo-Arnold, Cristina Mota.\u00a0<strong>A Variety-based Paraphrasary for Portuguese Parafras\u00e1rio: A Case Study with the Varieties of Portugal and Brazil.\u00a0<\/strong>Submitted to Open Research Europe, as a contribution to the Multi3Generation collection \u201cAdvances in Natural Language Generation\u201d available at: <a href=\"https:\/\/open-research-europe.ec.europa.eu\/collections\/natural-language-generation\/about\">https:\/\/open-research-europe.ec.europa.eu\/collections\/natural-language-generation\/about<\/a>.<\/li>\n<\/ul>\n<p><!-- \/wp:list-item --><\/p>\n<p><!-- wp:list-item --><\/p>\n<ul>\n<li>Anabela Barreiro, Elena Lloret, Branislav Gerazov.\u00a0<strong style=\"color: var( --e-global-color-text ); text-align: inherit;\">A Linguistic Approach to Natural Language Generation: The Language Spectrum, Language Models, and OpenLogos.\u00a0<\/strong>Submitted to Open Research Europe, as a contribution to the Multi3Generation collection \u201cAdvances in Natural Language Generation\u201d available at: <a style=\"text-align: inherit;\" href=\"https:\/\/open-research-europe.ec.europa.eu\/collections\/natural-language-generation\/about\">https:\/\/open-research-europe.ec.europa.eu\/collections\/natural-language-generation\/about<\/a>.<\/li>\n<\/ul>\n<p><!-- \/wp:list-item --><\/p>\n<p><!-- wp:list-item --><\/p>\n<ul>\n<li>Anabela Barreiro, Lou Cremers, Oleksii Turuta.\u00a0<strong style=\"color: var( --e-global-color-text ); text-align: inherit;\">OpenLogos in the Context of Custom Language Models for the Business Sector: A Historical Perspective on the Roots of Natural Language Generation.\u00a0<\/strong>Submitted to Open Research Europe, as a contribution to the Multi3Generation collection \u201cAdvances in Natural Language Generation\u201d available at: <a style=\"text-align: inherit;\" href=\"https:\/\/open-research-europe.ec.europa.eu\/collections\/natural-language-generation\/about\">https:\/\/open-research-europe.ec.europa.eu\/collections\/natural-language-generation\/about<\/a>.<\/li>\n<\/ul>\n<p><!-- \/wp:list-item --><\/p>\n<p><!-- wp:list-item --><\/p>\n<ul>\n<li>Andrijana Pavlova, Branislav Gerazov, Mirela Alhasani, Anabela Barreiro. <strong>Large Language Models and OpenLogos: An Educational Case Scenario.\u00a0<\/strong>Submitted to Open Research Europe, as a contribution to the Multi3Generation collection \u201cAdvances in Natural Language Generation\u201d available at: <a href=\"https:\/\/open-research-europe.ec.europa.eu\/collections\/natural-language-generation\/about\">https:\/\/open-research-europe.ec.europa.eu\/collections\/natural-language-generation\/about<\/a>.<\/li>\n<\/ul>\n<p><!-- \/wp:list-item --><\/p>\n<p><!-- wp:list-item --><\/p>\n<ul>\n<li>Ilker Kesen, Andrea Pedrotti, Mustafa Dogan, Michele Cafagna, Emre Can Acikgoz, Letitia Parcalabescu, Iacer Calixto, Anette Frank, Albert Gatt, Aykut Erdem, Erkut Erdem. ViLMA: <strong style=\"color: var( --e-global-color-text ); text-align: inherit;\">A Zero-Shot Benchmark for Linguistic and Temporal Grounding in Video-Language Models<\/strong>. The Twelfth International Conference on Learning Representations (ICLR 2024), May 2024. <a style=\"text-align: inherit;\" href=\"https:\/\/openreview.net\/forum?id=liuqDwmbQJ\" target=\"_blank\" rel=\"noreferrer noopener\">Paper<\/a>, <a style=\"text-align: inherit;\" href=\"https:\/\/arxiv.org\/abs\/2311.07022\" target=\"_blank\" rel=\"noreferrer noopener\">Arxiv<\/a>, <a style=\"text-align: inherit;\" href=\"https:\/\/cyberiada.github.io\/ViLMA\" target=\"_blank\" rel=\"noreferrer noopener\">Website<\/a>, <a style=\"text-align: inherit;\" href=\"https:\/\/github.com\/ilkerkesen\/ViLMA\" target=\"_blank\" rel=\"noreferrer noopener\">Codebase<\/a>, <a style=\"text-align: inherit;\" href=\"https:\/\/arxiv.org\/pdf\/2311.07022.pdf\" target=\"_blank\" rel=\"noreferrer noopener\">PDF.<\/a><\/li>\n<\/ul>\n<p><!-- \/wp:list-item --><\/p>\n<p><!-- wp:list-item --><\/p>\n<ul>\n<li>Adrian Cosma. RoCode: <strong style=\"color: var( --e-global-color-text ); text-align: inherit;\">A Dataset for Measuring Code Intelligence from Problem Definitions in Romanian<\/strong>. Result of the STSM at Universitat Polit\u00e8cnica de Val\u00e8ncia. It was accepted at The 2024 Joint International Conference on Computational Linguistics, Language Resources and Evaluation (LREC-COLING 2024), May 2024. <a style=\"text-align: inherit;\" href=\"https:\/\/arxiv.org\/pdf\/2402.13222.pdf\" target=\"_blank\" rel=\"noreferrer noopener\">Arxiv link<\/a>, <a style=\"text-align: inherit;\" href=\"https:\/\/github.com\/cosmaadrian\/rocode\" target=\"_blank\" rel=\"noreferrer noopener\">Github<\/a>, <a style=\"text-align: inherit;\" href=\"https:\/\/huggingface.co\/datasets\/cosmadrian\/rocode\" target=\"_blank\" rel=\"noreferrer noopener\">Huggingface Dataset<\/a><\/li>\n<\/ul>\n<p><!-- \/wp:list-item --><\/p>\n<p><!-- wp:list-item --><\/p>\n<ul>\n<li>Rigoni, Davide, Desmond Elliott, and Stella Frank. <strong style=\"color: var( --e-global-color-text ); text-align: inherit;\">Cleaner Categories Improve Object Detection and Visual-Textual Grounding<\/strong>. In Image Analysis: 23rd Scandinavian Conference, SCIA 2023, Sirkka, Finland, April 18\u201321, 2023, Proceedings, Part I, pp. 412-442. Cham: Springer Nature Switzerland, 2023. <a style=\"text-align: inherit;\" href=\"https:\/\/link.springer.com\/chapter\/10.1007\/978-3-031-31435-3_28\">Article<\/a>, <a style=\"text-align: inherit;\" href=\"https:\/\/elliottd.github.io\/papers\/scia2023.pdf\">Preprint Link<\/a>, <a style=\"text-align: inherit;\" href=\"https:\/\/sites.google.com\/view\/scia2023\">Conference Link<\/a>, <a style=\"text-align: inherit;\" href=\"https:\/\/github.com\/drigoni\/bottom-up-attention.pytorch\">Code link<\/a><\/li>\n<\/ul>\n<p><!-- \/wp:list-item --><\/p>\n<p><!-- wp:list-item --><\/p>\n<ul>\n<li>Grazina Korvel, Alkiviadis Katsalis, Konstantinos Diamantaras, Elena Lloret. Enrich Knowledge Graphs and Test Pre-trained Language Models in Graph2seq Tasks. The 13th Conference &#8220;<a style=\"text-align: inherit;\" href=\"https:\/\/www.mii.lt\/damss\/files\/posters_2022\/id_2-8.pdf\" target=\"_blank\" rel=\"noreferrer noopener\">Data Analysis Methods for Software Systems<\/a>\u201d December 1 \u2013 3, 2022, in Druskininkai, Lithuania<\/li>\n<\/ul>\n<p><!-- \/wp:list-item --><\/p>\n<p><!-- wp:list-item --><\/p>\n<ul>\n<li>Anabela Barreiro, Jos\u00e9 de Souza, Albert Gatt, Mehul Bhatt, Elena Lloret, Aykut Erdem, Dimitra Gkatzia, Helena Moniz, Irene Russo, Fabio Kepler, Iacer Calixto, Marcin Paprzycki, Fran\u00e7ois Portet, Isabelle Augenstein and Mirela Alhasani. <strong style=\"color: var( --e-global-color-text ); text-align: inherit;\">Multi3Generation: Multitask, Multilingual, Multimodal Language Generation<\/strong>. In Macken, Rufener, Van den Bogaert, Daems, Tezcan, Vanroy, Fonteyne, Barrault, Costa-juss\u00e0, Kemp, Pilos, Declercq, Koponen, Forcada, Scarton, Moniz (eds.) Proceedings of the 23rd Annual Conference of the European Association for Machine Translation, p. 345\u2013346 Ghent, Belgium, June 2022.<\/li>\n<\/ul>\n<p><!-- \/wp:list-item --><\/p>\n<p><!-- wp:list-item --><\/p>\n<ul>\n<li>L. Parcalabescu, A. Gatt, A. Frank and I. Calixto (2021). <strong style=\"color: var( --e-global-color-text ); text-align: inherit;\">Seeing past words: Testing the cross-modal capabilities of pretrained V&amp;L models on counting tasks<\/strong>.\u00a0<em style=\"color: var( --e-global-color-text ); text-align: inherit;\">In: Beyond Language: Multimodal Semantic Representations Workshop (MMSR) 2021.<\/em><\/li>\n<\/ul>\n<p><!-- \/wp:list-item --><\/p>\n<p><!-- wp:list-item --><\/p>\n<ul>\n<li>H. Alberts, T. Huang, Y. Deshpande, Y. Liu, K. Cho, C. Vania, I. Calixto (2021). <strong style=\"color: var( --e-global-color-text ); text-align: inherit;\">VisualSem: A high-quality knowledge graph for vision and language<\/strong>.\u00a0<em style=\"color: var( --e-global-color-text ); text-align: inherit;\">In: Multilingual Representation Learning Workshop (MRL) 2021.<\/em><\/li>\n<\/ul>\n<p><!-- \/wp:list-item --><\/p>\n<p><!-- wp:list-item --><\/p>\n<ul>\n<li>J. Suchan, M. Bhatt, S. Vardarajan (2021). <strong style=\"color: var( --e-global-color-text ); text-align: inherit;\">Commonsense Visual Sensemaking for Autonomous Driving: On Generalised Neurosymbolic Online Abduction Integrating Vision and Semantics<\/strong><em style=\"color: var( --e-global-color-text ); text-align: inherit;\">. In: Artificial Intelligence Journal (AIJ), October 2021, Volume 299.<\/em><\/li>\n<\/ul>\n<p><!-- \/wp:list-item --><\/p>\n<p><!-- wp:list-item --><\/p>\n<ul>\n<li>M. Cafagna, K. van Deemter and A. Gatt (2021). <strong style=\"color: var( --e-global-color-text ); text-align: inherit;\">What Vision-Language models \u2018see\u2019 when they see scenes<\/strong>. arXiv preprint arXiv:2109.07301<\/li>\n<\/ul>\n<p><!-- \/wp:list-item --><\/p>\n<p><!-- wp:list-item --><\/p>\n<ul>\n<li>M. Sercan Amac , Semih Yagcioglu, Aykut Erdem, and Erkut Erdem. <strong style=\"color: var( --e-global-color-text ); text-align: inherit;\">Procedural Reasoning Networks for Understanding Multimodal Procedures<\/strong>, In 23rd Conference on Computational Natural Language Learning (CoNLL) <a style=\"text-align: inherit;\" href=\"https:\/\/aclanthology.org\/K19-1041\/\">Link to paper<\/a><\/li>\n<\/ul>\n<p><!-- \/wp:list-item --><\/p>\n<p><!-- wp:list-item --><\/p>\n<ul>\n<li>J. Phang, I. Calixto, PM. Htut, Y. Pruksachatkun, H. Liu, C. Vania, K. Kann, SR. Bowman (2020). <strong style=\"color: var( --e-global-color-text ); text-align: inherit;\">English intermediate-task training improves zero-shot cross-lingual transfer too<\/strong>. In AACL 2020. <a style=\"text-align: inherit;\" href=\"https:\/\/aclanthology.org\/2020.aacl-main.56\/\">Link to paper<\/a><\/li>\n<\/ul>\n<p><!-- \/wp:list-item --><\/p>\n<p><!-- wp:list-item --><\/p>\n<ul>\n<li>V. Milewski , MF. Moens and I. Calixto (2020). <strong style=\"color: var( --e-global-color-text ); text-align: inherit;\">Are scene graphs good enough to improve image captioning?<\/strong> In: AACL 2020. <a style=\"text-align: inherit;\" href=\"https:\/\/aclanthology.org\/2020.aacl-main.50\/\">Link to paper<\/a><\/li>\n<\/ul>\n<p><!-- \/wp:list-item --><\/p>\n<p><!-- wp:list-item --><\/p>\n<ul>\n<li>Ales Zamuda, Elena Lloret . <strong style=\"color: var( --e-global-color-text ); text-align: inherit;\">Optimizing Data Driven Models for Summarization as Parallel Tasks<\/strong>, Journal of Computational Science, Vol. 42, April 2020. <a style=\"text-align: inherit;\" href=\"https:\/\/www.sciencedirect.com\/science\/article\/pii\/S1877750319302194?via%3Dihub\">Link to paper<\/a><\/li>\n<\/ul>\n<p><!-- \/wp:list-item --><\/p>\n<p><!-- wp:list-item --><\/p>\n<ul>\n<li>Ozan Caglayan, Menekse Kuyu, Mustafa Sercan Amac, Pranava Madhyastha, Erkut Erdem, Aykut Erdem and Lucia Specia. <strong style=\"color: var( --e-global-color-text ); text-align: inherit;\">Cross-lingual Visual Pre-training for Multimodal Machine Translation<\/strong>, Conference of the European Chapter of the Association for Computational Linguistics (EACL 2021), Short Papers, 2021. <a style=\"text-align: inherit;\" href=\"https:\/\/aclanthology.org\/2021.eacl-main.112\/\">Link to paper<\/a><\/li>\n<\/ul>\n<p><!-- \/wp:list-item --><\/p>\n<p><!-- wp:list-item --><\/p>\n<ul>\n<li>Begum Citamak, Ozan Caglayan, Menekse Kuyu, Erkut Erdem, Aykut Erdem, Pranava Madhyastha, Lucia Specia. <strong style=\"color: var( --e-global-color-text ); text-align: inherit;\">MSVD-Turkish: A Comprehensive Multimodal Video Dataset for Integrated Vision and Language Research in Turkish<\/strong>, Machine Translation, Vol. 35, 265-288. <a style=\"text-align: inherit;\" href=\"https:\/\/link.springer.com\/article\/10.1007\/s10590-021-09276-y\">Link to paper<\/a><\/li>\n<\/ul>\n<p><!-- \/wp:list-item --><\/p>\n<p><!-- wp:list-item --><\/p>\n<ul>\n<li>Emre Boran, Aykut Erdem, Nazli Ikizler-Cinbis, Erkut Erdem, Pranava Madhyastha, Lucia Specia. <strong style=\"color: var( --e-global-color-text ); text-align: inherit;\">Leveraging auxiliary image descriptions for dense video captioning<\/strong>, Pattern Recognition Letters, Vol. 146, June 2021. <a style=\"text-align: inherit;\" href=\"https:\/\/www.sciencedirect.com\/science\/article\/pii\/S0167865521000647\">Link to paper<\/a><\/li>\n<\/ul>\n<p><!-- \/wp:list-item --><\/p>\n<p><!-- wp:list-item --><\/p>\n<ul>\n<li>Rob van der Goot, Ahmet \u00dcst\u00fcn, Alan Ramponi, Ibrahim Sharaf and Barbara Plank. <strong style=\"color: var( --e-global-color-text ); text-align: inherit;\">Massive Choice, Ample Tasks (MaChAmp): A Toolkit for Multi-task Learning in NLP<\/strong>. In EACL 2021. Received EACL 2021 oustanding paper award (demo track) <a style=\"text-align: inherit;\" href=\"https:\/\/aclanthology.org\/2021.eacl-demos.22\/\">Link to paper<\/a><\/li>\n<\/ul>\n<p><!-- \/wp:list-item --><\/p>\n<p><!-- wp:list-item --><\/p>\n<ul>\n<li><a style=\"text-align: inherit;\" href=\"https:\/\/arxiv.org\/search\/cs?searchtype=author&amp;query=Ramos%2C+R+P\">Rita Parada Ramos<\/a>,\u00a0<a style=\"text-align: inherit;\" href=\"https:\/\/arxiv.org\/search\/cs?searchtype=author&amp;query=Pereira%2C+P\">Patr\u00edcia Pereira<\/a>,\u00a0<a style=\"text-align: inherit;\" href=\"https:\/\/arxiv.org\/search\/cs?searchtype=author&amp;query=Moniz%2C+H\">Helena Moniz<\/a>,\u00a0<a style=\"text-align: inherit;\" href=\"https:\/\/arxiv.org\/search\/cs?searchtype=author&amp;query=Carvalho%2C+J+P\">Joao Paulo Carvalho<\/a>,\u00a0<a style=\"text-align: inherit;\" href=\"https:\/\/arxiv.org\/search\/cs?searchtype=author&amp;query=Martins%2C+B\">Bruno Martins<\/a>, <strong style=\"color: var( --e-global-color-text ); text-align: inherit;\">Retrieval Augmentation for Deep Neural Networks<\/strong>, 2021 International Joint Conference on Neural Networks (IJCNN). <a style=\"text-align: inherit;\" href=\"https:\/\/ieeexplore.ieee.org\/document\/9533978\">Link to paper<\/a><\/li>\n<\/ul>\n<p><!-- \/wp:list-item --><\/p>\n<p><!-- wp:list-item --><\/p>\n<ul>\n<li><a style=\"text-align: inherit;\" href=\"http:\/\/ailab.lv\/publications\/d.+gosko\/\">D. Gosko<\/a>,\u00a0<a style=\"text-align: inherit;\" href=\"http:\/\/ailab.lv\/publications\/a.+znotins\/\">A. Znotins<\/a>,\u00a0<a style=\"text-align: inherit;\" href=\"http:\/\/ailab.lv\/publications\/i.+skadina\/\">I. Skadina<\/a>,\u00a0<a style=\"text-align: inherit;\" href=\"http:\/\/ailab.lv\/publications\/n.+gruzitis\/\">N. Gruzitis<\/a>,\u00a0<a style=\"text-align: inherit;\" href=\"http:\/\/ailab.lv\/publications\/g.+nespore-berzkalne\/\">G. Nespore-Berzkalne<\/a>, <strong style=\"color: var( --e-global-color-text ); text-align: inherit;\"><a href=\"http:\/\/ailab.lv\/publications\/451\/\">Domain Expert Platform for Goal-Oriented Dialog Collection<\/a><\/strong>, <em style=\"color: var( --e-global-color-text ); text-align: inherit;\">Proceedings of the 16th Conference of the European Chapter of the Association for Computational Linguistics (EACL): System Demonstrations, 2021<\/em>.\u00a0<a style=\"text-align: inherit;\" href=\"https:\/\/aclanthology.org\/2021.eacl-demos.35\/\">Link to paper<\/a><\/li>\n<\/ul>\n<p><!-- \/wp:list-item --><\/p>\n<p><!-- wp:list-item --><\/p>\n<ul>\n<li>Iacer Calixto, Alessandro Raganato, Tommaso Pasini, <strong style=\"color: var( --e-global-color-text ); text-align: inherit;\">Wikipedia Entities as Rendezvous across Languages: Grounding Multilingual Language Models by Predicting Wikipedia Hyperlinks<\/strong><em style=\"color: var( --e-global-color-text ); text-align: inherit;\">, Proceedings of the 2021 Conference of the North American Chapter of the Association for Computational Linguistics: Human Language Technologies<\/em>. <a style=\"text-align: inherit;\" href=\"https:\/\/aclanthology.org\/2021.naacl-main.286\/\">Link to paper<\/a><\/li>\n<\/ul>\n<p><!-- \/wp:list-item --><\/p>\n<p><!-- wp:list-item --><\/p>\n<ul>\n<li>Liesbeth Allein, Isabelle Augenstein, Marie-Francine Moens, <strong style=\"color: var( --e-global-color-text ); text-align: inherit;\">Time-aware evidence ranking for fact-checking,<\/strong> Journal of Web Semantics. <a style=\"text-align: inherit;\" href=\"https:\/\/www.sciencedirect.com\/science\/article\/pii\/S157082682100038X\">Link to paper<\/a><\/li>\n<\/ul>\n<p><!-- \/wp:list-item --><\/p>\n<p><!-- \/wp:list --><\/p>\n<p><!-- wp:heading --><\/p>\n<h2>Other outputs \/ achievements<\/h2>\n<p><!-- \/wp:heading --><\/p>\n<p><!-- wp:list --><\/p>\n<ul>\n<li style=\"list-style-type: none;\">\n<ul><!-- wp:list-item --><\/ul>\n<\/li>\n<\/ul>\n<ul>\n<li style=\"list-style-type: none;\">\n<ul>\n<li>Maestre, M.M.; Vicente, M.; Lloret, E.; Cueto, A.S. <a href=\"https:\/\/www.mdpi.com\/2078-2489\/14\/1\/28\" target=\"_blank\" rel=\"noreferrer noopener\">Extracting Narrative Patterns in Different Textual Genres: A Multilevel Feature Discourse Analysis<\/a>. Information 2023, 14, 28. DOI: 10.3390\/info14010028<\/li>\n<\/ul>\n<\/li>\n<\/ul>\n<p><!-- \/wp:list-item --><\/p>\n<p><!-- wp:list-item --><\/p>\n<ul>\n<li style=\"list-style-type: none;\">\n<ul>\n<li>C\u00e9sar Gonz\u00e1lez-Mora, Cristina Barros, Irene Garrig\u00f3s, Jos\u00e9 Jacobo Zubcoff, Elena Lloret, Jose-Norberto Maz\u00f3n: <a href=\"https:\/\/www.sciencedirect.com\/science\/article\/pii\/S0920548922000344?via%3Dihub#ack0001\" target=\"_blank\" rel=\"noreferrer noopener\">Improving open data web API documentation through interactivity and natural language generation<\/a>. Comput. Stand. Interfaces\u00a083: 103657\u00a0(2023)<\/li>\n<\/ul>\n<\/li>\n<\/ul>\n<p><!-- \/wp:list-item --><\/p>\n<p><!-- wp:list-item --><\/p>\n<ul>\n<li style=\"list-style-type: none;\">\n<ul>\n<li>D. Gosko, A. Znotins, I. Skadina, N. Gruzitis, G. Nespore-Berzkalne, Domain Expert Platform for Goal-Oriented Dialog Collection Proceedings of the 16th Conference of the European Chapter of the Association for Computational Linguistics (EACL): System Demonstrations, 2021<\/li>\n<\/ul>\n<\/li>\n<\/ul>\n<p><!-- \/wp:list-item --><\/p>\n<p><!-- wp:list-item --><\/p>\n<ul>\n<li style=\"list-style-type: none;\">\n<ul>\n<li>R. P. Ramos, P. Pereira, H. Moniz, J. P. Carvalho and B. Martins, &#8220;Retrieval Augmentation for Deep Neural Networks&#8221;, 2021 International Joint Conference on Neural Networks (IJCNN), 2021, pp. 1-8, doi: 10.1109\/IJCNN52387.2021.9533978.\u00a0 <a href=\"http:\/\/xplorestaging.ieee.org\/ielx7\/9533266\/9533267\/09533978.pdf?arnumber=9533978\">Link to paper<\/a><\/li>\n<\/ul>\n<\/li>\n<\/ul>\n<p><!-- \/wp:list-item --><\/p>\n<p><!-- wp:list-item --><\/p>\n<ul>\n<li style=\"list-style-type: none;\">\n<ul>\n<li>Mustafa Sercan Amac, Semih Yagcioglu, Aykut Erdem, Erkut Erdem: Procedural Reasoning Networks for Understanding Multimodal Procedures. CoNLL 2019: 441-451. <a href=\"https:\/\/aclanthology.org\/K19-1041\/\">Link t paper<\/a>, DOI: 10.18653\/v1\/K19-1041<\/li>\n<\/ul>\n<\/li>\n<\/ul>\n<p><!-- \/wp:list-item --><\/p>\n<p><!-- wp:list-item --><\/p>\n<ul>\n<li style=\"list-style-type: none;\">\n<ul>\n<li>Anabela Barreiro, Cristina Mota, Jorge Baptista, Luc\u00edlia Chacoto, Paula Carvalho. <strong>Linguistic Resources for Paraphrase Generation in Portuguese &#8211; A Lexicon-Grammar Approach.<\/strong> Language Resources and Evaluation. 56,\u00a0pages1\u201335 (2022) <a href=\"https:\/\/link.springer.com\/article\/10.1007\/s10579-021-09561-5\" target=\"_blank\" rel=\"noreferrer noopener\">Link to paper<\/a><\/li>\n<\/ul>\n<\/li>\n<\/ul>\n<p><!-- \/wp:list-item --><\/p>\n<p><!-- wp:list-item --><\/p>\n<ul>\n<li style=\"list-style-type: none;\">\n<ul>\n<li>D. Gosko, A. Znotins, I. Skadina, N. Gruzitis, G. Nespore-Berzkalne. Domain Expert Platform for Goal-Oriented Dialog Collection. Proceedings of the 16th Conference of the European Chapter of the Association for Computational Linguistics (EACL): System Demonstrations, 2021<\/li>\n<\/ul>\n<\/li>\n<\/ul>\n<p><!-- \/wp:list-item --><\/p>\n<p><!-- wp:list-item --><\/p>\n<ul>\n<li style=\"list-style-type: none;\">\n<ul>\n<li>Mille, S., Ferreira, T.C., Belz, A. and Davis, B., 2021, August. Another PASS: A Reproduction Study of the Human Evaluation of a Football Report Generation System. In\u00a0<em>Proceedings of the 14th International Conference on Natural Language Generation<\/em>\u00a0(pp. 286-292). <a href=\"https:\/\/aclanthology.org\/2021.inlg-1.30\" target=\"_blank\" rel=\"noreferrer noopener\">Link to paper<\/a><\/li>\n<\/ul>\n<\/li>\n<\/ul>\n<p><!-- \/wp:list-item --><\/p>\n<p><!-- wp:list-item --><\/p>\n<ul>\n<li style=\"list-style-type: none;\">\n<ul>\n<li>Ferreira, T.C., Vaz, H., Davis, B. and Pagano, A., 2021, August. Enriching the E2E dataset. In\u00a0<em>Proceedings of the 14th International Conference on Natural Language Generation<\/em>\u00a0(pp. 177-183). <a href=\"https:\/\/aclanthology.org\/2021.inlg-1.18\" target=\"_blank\" rel=\"noreferrer noopener\">Link to paper<\/a><\/li>\n<\/ul>\n<\/li>\n<\/ul>\n<p><!-- \/wp:list-item --><\/p>\n<p><!-- wp:list-item --><\/p>\n<ul>\n<li style=\"list-style-type: none;\">\n<ul>\n<li>Davis, B., Graham, Y., Kelleher, J. and Sripada, Y., 2020, December. Proceedings of the 13th International Conference on Natural Language Generation. In\u00a0<em>Proceedings of the 13th International Conference on Natural Language Generation<\/em>. <a href=\"https:\/\/aclanthology.org\/2020.inlg-1.0.pdf\" target=\"_blank\" rel=\"noreferrer noopener\">Link to paper<\/a><\/li>\n<\/ul>\n<\/li>\n<\/ul>\n<p><!-- \/wp:list-item --><\/p>\n<p><!-- \/wp:list --><\/p>","protected":false},"excerpt":{"rendered":"<p>The publications listed are based upon work from COST Action CA18231, supported by COST (European Cooperation in Science and Technology).COST is a funding agency for &hellip;<\/p>\n","protected":false},"author":1,"featured_media":0,"parent":289,"menu_order":0,"comment_status":"closed","ping_status":"closed","template":"","meta":{"footnotes":""},"class_list":["post-291","page","type-page","status-publish","hentry"],"_links":{"self":[{"href":"https:\/\/multi3generation.inesc-id.pt\/index.php?rest_route=\/wp\/v2\/pages\/291","targetHints":{"allow":["GET"]}}],"collection":[{"href":"https:\/\/multi3generation.inesc-id.pt\/index.php?rest_route=\/wp\/v2\/pages"}],"about":[{"href":"https:\/\/multi3generation.inesc-id.pt\/index.php?rest_route=\/wp\/v2\/types\/page"}],"author":[{"embeddable":true,"href":"https:\/\/multi3generation.inesc-id.pt\/index.php?rest_route=\/wp\/v2\/users\/1"}],"replies":[{"embeddable":true,"href":"https:\/\/multi3generation.inesc-id.pt\/index.php?rest_route=%2Fwp%2Fv2%2Fcomments&post=291"}],"version-history":[{"count":0,"href":"https:\/\/multi3generation.inesc-id.pt\/index.php?rest_route=\/wp\/v2\/pages\/291\/revisions"}],"up":[{"embeddable":true,"href":"https:\/\/multi3generation.inesc-id.pt\/index.php?rest_route=\/wp\/v2\/pages\/289"}],"wp:attachment":[{"href":"https:\/\/multi3generation.inesc-id.pt\/index.php?rest_route=%2Fwp%2Fv2%2Fmedia&parent=291"}],"curies":[{"name":"wp","href":"https:\/\/api.w.org\/{rel}","templated":true}]}}